{"id":27,"date":"2022-06-13T14:42:02","date_gmt":"2022-06-13T17:42:02","guid":{"rendered":"http:\/\/acjunior.com.br\/negrosdaboavista\/?page_id=27"},"modified":"2022-07-04T15:51:46","modified_gmt":"2022-07-04T18:51:46","slug":"making-of","status":"publish","type":"page","link":"http:\/\/acjunior.com.br\/negrosdaboavista\/making-of\/","title":{"rendered":"Making Of"},"content":{"rendered":"\n\n        <div class=\"defaultGallery\" id=\"gallery-acervo\">\n            <a href=\"http:\/\/acjunior.com.br\/negrosdaboavista\/wp-content\/uploads\/2022\/06\/web-20220122_105827.jpg\" \r\n        data-pswp-width=\"1200\" \r\n        data-pswp-height=\"920\" \r\n        target=\"_blank\"\r\n        class=\"default-item\"\r\n    >\r\n        <img src=\"http:\/\/acjunior.com.br\/negrosdaboavista\/wp-content\/uploads\/2022\/06\/web-20220122_105827-1024x785.jpg\" alt=\"\" \/>\r\n        <div class=\"pswp-caption-content\" id=\"caption\">\r\n            <b>\u00c0 moda antiga<\/b>\r\n            <div class=\"post-content\">\r\n                \n<p>Negativos durante a edi\u00e7\u00e3o do projeto<\/p>\n            <\/div>\r\n            <div class=\"divisor\"><\/div>\r\n            <div class=\"credits\">\r\n                Autoria: Ac Junior                <br\/>\r\n                            <\/div>\r\n        <\/div>\r\n    <\/a>\r\n        <a href=\"http:\/\/acjunior.com.br\/negrosdaboavista\/wp-content\/uploads\/2022\/06\/web-01-_DSC0676.jpg\" \r\n        data-pswp-width=\"1200\" \r\n        data-pswp-height=\"800\" \r\n        target=\"_blank\"\r\n        class=\"default-item\"\r\n    >\r\n        <img src=\"http:\/\/acjunior.com.br\/negrosdaboavista\/wp-content\/uploads\/2022\/06\/web-01-_DSC0676-1024x683.jpg\" alt=\"\" \/>\r\n        <div class=\"pswp-caption-content\" id=\"caption\">\r\n            <b>Reencontros<\/b>\r\n            <div class=\"post-content\">\r\n                \n<p>Quilombo Negros do Riacho em Currais Novos<\/p>\n            <\/div>\r\n            <div class=\"divisor\"><\/div>\r\n            <div class=\"credits\">\r\n                Autoria: Ac Junior                <br\/>\r\n                            <\/div>\r\n        <\/div>\r\n    <\/a>\r\n        <a href=\"http:\/\/acjunior.com.br\/negrosdaboavista\/wp-content\/uploads\/2022\/06\/web-05-_ACJ7909-scaled.jpg\" \r\n        data-pswp-width=\"2560\" \r\n        data-pswp-height=\"1700\" \r\n        target=\"_blank\"\r\n        class=\"default-item\"\r\n    >\r\n        <img src=\"http:\/\/acjunior.com.br\/negrosdaboavista\/wp-content\/uploads\/2022\/06\/web-05-_ACJ7909-1024x680.jpg\" alt=\"\" \/>\r\n        <div class=\"pswp-caption-content\" id=\"caption\">\r\n            <b>Oficina de fotografia<\/b>\r\n            <div class=\"post-content\">\r\n                \n<p>Oficina de fotografia no Programa de Extens\u00e3o Universit\u00e1ria da Universidade Federal do Rio Grande do Norte PROEXT2012 &#8211; \u201cTronco, ramos e ra\u00edzes: inclus\u00e3o social e patrimonial das comunidades quilombolas do Serid\u00f3\u201d<\/p>\n            <\/div>\r\n            <div class=\"divisor\"><\/div>\r\n            <div class=\"credits\">\r\n                Autoria: AC Junior                <br\/>\r\n                            <\/div>\r\n        <\/div>\r\n    <\/a>\r\n        <a href=\"http:\/\/acjunior.com.br\/negrosdaboavista\/wp-content\/uploads\/2022\/06\/web-manu-_ACJ8185.jpg\" \r\n        data-pswp-width=\"1024\" \r\n        data-pswp-height=\"680\" \r\n        target=\"_blank\"\r\n        class=\"default-item\"\r\n    >\r\n        <img src=\"http:\/\/acjunior.com.br\/negrosdaboavista\/wp-content\/uploads\/2022\/06\/web-manu-_ACJ8185.jpg\" alt=\"\" \/>\r\n        <div class=\"pswp-caption-content\" id=\"caption\">\r\n            <b>Membros da comunidade<\/b>\r\n            <div class=\"post-content\">\r\n                \n<p>O escritor Emanoel de Castro conversando com Z\u00e9 de Biu e Paulo Cosme no quilombo Negros da Boa Vista<\/p>\n            <\/div>\r\n            <div class=\"divisor\"><\/div>\r\n            <div class=\"credits\">\r\n                Autoria: AC Junior                <br\/>\r\n                            <\/div>\r\n        <\/div>\r\n    <\/a>\r\n        <a href=\"http:\/\/acjunior.com.br\/negrosdaboavista\/wp-content\/uploads\/2022\/06\/web-06-PHOT0040.jpg\" \r\n        data-pswp-width=\"1100\" \r\n        data-pswp-height=\"825\" \r\n        target=\"_blank\"\r\n        class=\"default-item\"\r\n    >\r\n        <img src=\"http:\/\/acjunior.com.br\/negrosdaboavista\/wp-content\/uploads\/2022\/06\/web-06-PHOT0040-1024x768.jpg\" alt=\"\" \/>\r\n        <div class=\"pswp-caption-content\" id=\"caption\">\r\n            <b>Dias no Serid\u00f3<\/b>\r\n            <div class=\"post-content\">\r\n                \n<p>Conversando com a comunidade<\/p>\n            <\/div>\r\n            <div class=\"divisor\"><\/div>\r\n            <div class=\"credits\">\r\n                Autoria: Ac Junior                <br\/>\r\n                            <\/div>\r\n        <\/div>\r\n    <\/a>\r\n        <a href=\"http:\/\/acjunior.com.br\/negrosdaboavista\/wp-content\/uploads\/2022\/06\/02-PHOT0012.jpg\" \r\n        data-pswp-width=\"1000\" \r\n        data-pswp-height=\"750\" \r\n        target=\"_blank\"\r\n        class=\"default-item\"\r\n    >\r\n        <img src=\"http:\/\/acjunior.com.br\/negrosdaboavista\/wp-content\/uploads\/2022\/06\/02-PHOT0012.jpg\" alt=\"\" \/>\r\n        <div class=\"pswp-caption-content\" id=\"caption\">\r\n            <b>Primeira incurs\u00e3o<\/b>\r\n            <div class=\"post-content\">\r\n                \n<p>AC Junior em a\u00e7\u00e3o<\/p>\n            <\/div>\r\n            <div class=\"divisor\"><\/div>\r\n            <div class=\"credits\">\r\n                Autoria: Ac Junior                <br\/>\r\n                            <\/div>\r\n        <\/div>\r\n    <\/a>\r\n        <a href=\"http:\/\/acjunior.com.br\/negrosdaboavista\/wp-content\/uploads\/2022\/06\/01-PHOT0030.jpg\" \r\n        data-pswp-width=\"1032\" \r\n        data-pswp-height=\"774\" \r\n        target=\"_blank\"\r\n        class=\"default-item\"\r\n    >\r\n        <img src=\"http:\/\/acjunior.com.br\/negrosdaboavista\/wp-content\/uploads\/2022\/06\/01-PHOT0030-1024x768.jpg\" alt=\"\" \/>\r\n        <div class=\"pswp-caption-content\" id=\"caption\">\r\n            <b>AC Junior no quilombo Negros da Boa Vista<\/b>\r\n            <div class=\"post-content\">\r\n                \n<p>Fot\u00f3grafo em sua primeira incurs\u00e3o no Serid\u00f3<\/p>\n            <\/div>\r\n            <div class=\"divisor\"><\/div>\r\n            <div class=\"credits\">\r\n                Autoria: Ac Junior                <br\/>\r\n                            <\/div>\r\n        <\/div>\r\n    <\/a>\r\n    \n        <\/div>\n    \n","protected":false},"excerpt":{"rendered":"","protected":false},"author":1,"featured_media":0,"parent":0,"menu_order":0,"comment_status":"closed","ping_status":"closed","template":"","meta":[],"_links":{"self":[{"href":"http:\/\/acjunior.com.br\/negrosdaboavista\/wp-json\/wp\/v2\/pages\/27"}],"collection":[{"href":"http:\/\/acjunior.com.br\/negrosdaboavista\/wp-json\/wp\/v2\/pages"}],"about":[{"href":"http:\/\/acjunior.com.br\/negrosdaboavista\/wp-json\/wp\/v2\/types\/page"}],"author":[{"embeddable":true,"href":"http:\/\/acjunior.com.br\/negrosdaboavista\/wp-json\/wp\/v2\/users\/1"}],"replies":[{"embeddable":true,"href":"http:\/\/acjunior.com.br\/negrosdaboavista\/wp-json\/wp\/v2\/comments?post=27"}],"version-history":[{"count":2,"href":"http:\/\/acjunior.com.br\/negrosdaboavista\/wp-json\/wp\/v2\/pages\/27\/revisions"}],"predecessor-version":[{"id":588,"href":"http:\/\/acjunior.com.br\/negrosdaboavista\/wp-json\/wp\/v2\/pages\/27\/revisions\/588"}],"wp:attachment":[{"href":"http:\/\/acjunior.com.br\/negrosdaboavista\/wp-json\/wp\/v2\/media?parent=27"}],"curies":[{"name":"wp","href":"https:\/\/api.w.org\/{rel}","templated":true}]}}